{"id":7,"date":"2023-08-21T18:08:58","date_gmt":"2023-08-21T16:08:58","guid":{"rendered":"http:\/\/127.0.0.1\/?page_id=7"},"modified":"2023-12-16T15:19:44","modified_gmt":"2023-12-16T14:19:44","slug":"accueil","status":"publish","type":"page","link":"https:\/\/actif77.fr\/","title":{"rendered":"Accueil"},"content":{"rendered":"\r\n<h5 id=\"page_main_title\" class=\"wp-block-heading has-text-align-center has-vivid-red-color has-text-color has-medium-font-size\" style=\"text-align: center;\"><span style=\"color: #800000;\">Notre association<\/span><\/h5>\r\n<p><strong><em>V<\/em>ous souhaitez \u00e9duquer votre chien de berger (Border collie, Berger australien&#8230; ) au troupeau ? Bienvenue \u00e0 l&rsquo;ACTIF (l&rsquo;Amicale Chien de Troupeau d&rsquo;Ile de France) association loi 1901 cr\u00e9\u00e9e en 2009.<\/strong><\/p>\r\n<p><img loading=\"lazy\" decoding=\"async\" class=\"alignright wp-image-197 size-medium\" src=\"https:\/\/actif77.fr\/wp-content\/uploads\/2023\/11\/IMG-20231112-WA0005-300x226.webp\" alt=\"\" width=\"300\" height=\"226\" srcset=\"https:\/\/actif77.fr\/wp-content\/uploads\/2023\/11\/IMG-20231112-WA0005-300x226.webp 300w, https:\/\/actif77.fr\/wp-content\/uploads\/2023\/11\/IMG-20231112-WA0005.webp 500w\" sizes=\"auto, (max-width: 300px) 100vw, 300px\" \/><strong style=\"font-size: 16px;\"> Stage, pr\u00e9paration \u00e0 la confirmation, entra\u00eenement \u00e0 la comp\u00e9tition, \u00e9ducation et initiation \u00e0 la conduite avec votre compagnon sur un site bois\u00e9, avec nos brebis Blackface qui restent agr\u00e9ables dans la conduite, tant pour les d\u00e9butants que pour les confirm\u00e9s.<\/strong><\/p>\r\n<p><strong><em>D<\/em>eux espaces d\u2019entrainement, l\u2019un dans un cadre magnifique de 8 Ha de for\u00eat de pins, et l\u2019autre dans un pr\u00e9 de 3 Ha environ, vous attendent \u00e0 une heure de Paris, aux alentours de Fontainebleau, pr\u00e8s de Nemours au lieu dit Portonville.<\/strong><\/p>\r\n<figure id=\"attachment_198\" aria-describedby=\"caption-attachment-198\" style=\"width: 293px\" class=\"wp-caption alignleft\"><img loading=\"lazy\" decoding=\"async\" class=\"wp-image-198\" src=\"https:\/\/actif77.fr\/wp-content\/uploads\/2023\/11\/IMG-20231112-WA0007-225x300.webp\" alt=\"\" width=\"293\" height=\"391\" srcset=\"https:\/\/actif77.fr\/wp-content\/uploads\/2023\/11\/IMG-20231112-WA0007-225x300.webp 225w, https:\/\/actif77.fr\/wp-content\/uploads\/2023\/11\/IMG-20231112-WA0007.webp 500w\" sizes=\"auto, (max-width: 293px) 100vw, 293px\" \/><figcaption id=\"caption-attachment-198\" class=\"wp-caption-text\">Brebis Scottish Blackface<\/figcaption><\/figure>\r\n<p>&nbsp;<\/p>\r\n<p>\u00a0 \u00a0 \u00a0 \u00a0 \u00a0 \u00a0 \u00a0 \u00a0 \u00a0 \u00a0 \u00a0 \u00a0 \u00a0 \u00a0 \u00a0 \u00a0 \u00a0 \u00a0 \u00a0 \u00a0 \u00a0 \u00a0 \u00a0 \u00a0 \u00a0 \u00a0 \u00a0 \u00a0 <img loading=\"lazy\" decoding=\"async\" class=\"wp-image-224  alignnone\" src=\"https:\/\/actif77.fr\/wp-content\/uploads\/2023\/11\/trait-300x101.png\" alt=\"\" width=\"89\" height=\"30\" srcset=\"https:\/\/actif77.fr\/wp-content\/uploads\/2023\/11\/trait-300x101.png 300w, https:\/\/actif77.fr\/wp-content\/uploads\/2023\/11\/trait.png 409w\" sizes=\"auto, (max-width: 89px) 100vw, 89px\" \/><\/p>\r\n<p style=\"text-align: center;\"><strong><em>T<\/em>ous niveaux accept\u00e9s, professionnels et loisirs, dans une ambiance conviviale.<br \/><\/strong><\/p>\r\n<p style=\"text-align: center;\"><strong><em>O<\/em>uvert les matin\u00e9es m<\/strong><strong>ercredi, vendredi, samedi et dimanche\u00a0\u00a0<\/strong><br \/><strong>sur RDV au <span style=\"color: #800000;\">06 83 22 74 47\u00a0<\/span><\/strong><\/p>\r\n<p style=\"text-align: center;\"><strong><em>C<\/em>onsulter la page <a href=\"https:\/\/actif77.fr\/?page_id=18\">contact<\/a> pour plus d&rsquo;informations.<\/strong><\/p>\r\n<p style=\"text-align: center;\"><strong><em>N<\/em>ous aurons plaisir \u00e0 vous recevoir <\/strong><br \/><strong>Laurence .<\/strong><\/p>\r\n<p>&nbsp;<\/p>\r\n<p>&nbsp;<\/p>\r\n\r\n\r\n\r\n\r\n\r\n\r\n\r\n\r\n\r\n<p>&nbsp;<\/p>\r\n","protected":false},"excerpt":{"rendered":"<p>Notre association Vous souhaitez \u00e9duquer votre chien de berger (Border collie, Berger australien&#8230; ) au troupeau ? Bienvenue \u00e0 l&rsquo;ACTIF (l&rsquo;Amicale Chien de Troupeau d&rsquo;Ile de France) association loi 1901 cr\u00e9\u00e9e en 2009. Stage, pr\u00e9paration \u00e0 la confirmation, entra\u00eenement \u00e0 la comp\u00e9tition, \u00e9ducation et initiation \u00e0 la conduite avec votre compagnon sur un site bois\u00e9, [&hellip;]<\/p>\n","protected":false},"author":1,"featured_media":0,"parent":0,"menu_order":0,"comment_status":"closed","ping_status":"closed","template":"","meta":{"site-sidebar-layout":"default","site-content-layout":"","ast-site-content-layout":"default","site-content-style":"default","site-sidebar-style":"default","ast-global-header-display":"","ast-banner-title-visibility":"","ast-main-header-display":"","ast-hfb-above-header-display":"","ast-hfb-below-header-display":"","ast-hfb-mobile-header-display":"","site-post-title":"disabled","ast-breadcrumbs-content":"","ast-featured-img":"","footer-sml-layout":"","theme-transparent-header-meta":"default","adv-header-id-meta":"","stick-header-meta":"","header-above-stick-meta":"","header-main-stick-meta":"","header-below-stick-meta":"","astra-migrate-meta-layouts":"set","ast-page-background-enabled":"default","ast-page-background-meta":{"desktop":{"background-color":"var(--ast-global-color-4)","background-image":"","background-repeat":"repeat","background-position":"center center","background-size":"auto","background-attachment":"scroll","background-type":"","background-media":"","overlay-type":"","overlay-color":"","overlay-opacity":"","overlay-gradient":""},"tablet":{"background-color":"","background-image":"","background-repeat":"repeat","background-position":"center center","background-size":"auto","background-attachment":"scroll","background-type":"","background-media":"","overlay-type":"","overlay-color":"","overlay-opacity":"","overlay-gradient":""},"mobile":{"background-color":"","background-image":"","background-repeat":"repeat","background-position":"center center","background-size":"auto","background-attachment":"scroll","background-type":"","background-media":"","overlay-type":"","overlay-color":"","overlay-opacity":"","overlay-gradient":""}},"ast-content-background-meta":{"desktop":{"background-color":"var(--ast-global-color-5)","background-image":"","background-repeat":"repeat","background-position":"center center","background-size":"auto","background-attachment":"scroll","background-type":"","background-media":"","overlay-type":"","overlay-color":"","overlay-opacity":"","overlay-gradient":""},"tablet":{"background-color":"var(--ast-global-color-5)","background-image":"","background-repeat":"repeat","background-position":"center center","background-size":"auto","background-attachment":"scroll","background-type":"","background-media":"","overlay-type":"","overlay-color":"","overlay-opacity":"","overlay-gradient":""},"mobile":{"background-color":"var(--ast-global-color-5)","background-image":"","background-repeat":"repeat","background-position":"center center","background-size":"auto","background-attachment":"scroll","background-type":"","background-media":"","overlay-type":"","overlay-color":"","overlay-opacity":"","overlay-gradient":""}},"footnotes":""},"class_list":["post-7","page","type-page","status-publish","hentry"],"_links":{"self":[{"href":"https:\/\/actif77.fr\/index.php?rest_route=\/wp\/v2\/pages\/7","targetHints":{"allow":["GET"]}}],"collection":[{"href":"https:\/\/actif77.fr\/index.php?rest_route=\/wp\/v2\/pages"}],"about":[{"href":"https:\/\/actif77.fr\/index.php?rest_route=\/wp\/v2\/types\/page"}],"author":[{"embeddable":true,"href":"https:\/\/actif77.fr\/index.php?rest_route=\/wp\/v2\/users\/1"}],"replies":[{"embeddable":true,"href":"https:\/\/actif77.fr\/index.php?rest_route=%2Fwp%2Fv2%2Fcomments&post=7"}],"version-history":[{"count":93,"href":"https:\/\/actif77.fr\/index.php?rest_route=\/wp\/v2\/pages\/7\/revisions"}],"predecessor-version":[{"id":351,"href":"https:\/\/actif77.fr\/index.php?rest_route=\/wp\/v2\/pages\/7\/revisions\/351"}],"wp:attachment":[{"href":"https:\/\/actif77.fr\/index.php?rest_route=%2Fwp%2Fv2%2Fmedia&parent=7"}],"curies":[{"name":"wp","href":"https:\/\/api.w.org\/{rel}","templated":true}]}}